{"id":5032,"date":"2020-10-16T22:36:03","date_gmt":"2020-10-16T22:36:03","guid":{"rendered":"https:\/\/labsites.rochester.edu\/lelab\/?page_id=5032"},"modified":"2026-03-14T02:56:51","modified_gmt":"2026-03-14T02:56:51","slug":"emotions","status":"publish","type":"page","link":"https:\/\/labsites.rochester.edu\/lelab\/index.php\/publications\/emotions\/","title":{"rendered":"Emotions"},"content":{"rendered":"<p>&nbsp;<\/p>\n<p><span style=\"color: #993366;\"><a href=\"https:\/\/labsites.rochester.edu\/lelab\/wp-content\/uploads\/2026\/03\/Chee-et-al.-2026-Feeling-pride-and-awe-in-parenthood.pdf\" target=\"_blank\" rel=\"noopener\" style=\"color: #993366;\"><strong><span style=\"color: #800080;\">Feeling pride and awe in parenthood: The unique emotional rewards of parenting on well-being<\/span><\/strong><\/a><\/span><\/p>\n<p>Princeton X. Chee, Claire. J. Shimshock, &amp; Bonnie M. Le (2026).<\/p>\n<p><em>Social Psychological and Personality Science<\/em><\/p>\n<p>&nbsp;<\/p>\n<p><a href=\"https:\/\/labsites.rochester.edu\/lelab\/wp-content\/uploads\/2026\/03\/Le-et-al.-2026-How-honesty-shapes-the-personal-and-interpersonal-benefits-of-gratitude.pdf\"><span><strong><span style=\"color: #993366;\"><span style=\"color: #800080;\">How honesty shapes the personal and interpersonal benefits of gratitude<\/span><\/span><\/strong><\/span><\/a><\/p>\n<p>Bonnie M. Le, * Claire. J. Shimshock, * Princeton X. Chee, &amp; Jenny D. V. Le (2026).<\/p>\n<p><em>Emotion<\/em><a href=\"https:\/\/labsites.rochester.edu\/lelab\/wp-content\/uploads\/2024\/04\/Sisson-et-al.-2024-Gratitude-promotes-autonomous-motivation-and-successful-partner-regulation.pdf\" target=\"_blank\" rel=\"noopener\"><span style=\"color: #800080;\"><b><\/b><\/span><\/a><\/p>\n<p>&nbsp;<\/p>\n<p><a href=\"https:\/\/labsites.rochester.edu\/lelab\/wp-content\/uploads\/2025\/12\/Shimshock-et-al.-2025-Amplification-is-costly-for-personal-and-relationship-well-being.pdf\"><span style=\"color: #800080;\"><b>The hidden costs of gratitude: Gratitude amplification is costly for personal and relationship well-being<\/b><\/span><\/a><\/p>\n<p>Claire. J. Shimshock, Natalie M. Sisson, Princeton X. Chee, Jennifer E. Stellar, Emily A. Impett, &amp; Bonnie M. Le (2025).<\/p>\n<p><em>Personality and Social Psychology Bulletin<\/em><\/p>\n<p>&nbsp;<\/p>\n<p><a href=\"https:\/\/labsites.rochester.edu\/lelab\/wp-content\/uploads\/2024\/04\/Sisson-et-al.-2024-Gratitude-promotes-autonomous-motivation-and-successful-partner-regulation.pdf\" target=\"_blank\" rel=\"noopener\"><span style=\"color: #800080;\"><b>Thank you for changing: Gratitude promotes autonomous motivation and successful partner regulation<\/b><\/span><\/a><\/p>\n<p>Natalie M. Sisson, Yoobin Park, Nickola C. Overall, Gideon H. Park, Matthew D. Johnson, Jennifer E. Stellar, Bonnie M. Le, and Emily A. Impett (2025).<\/p>\n<p><em>Personality and Social Psychology Bulletin<\/em><\/p>\n<p>&nbsp;<\/p>\n<p><a href=\"https:\/\/labsites.rochester.edu\/lelab\/wp-content\/uploads\/2024\/01\/Schrage-et-al.-2024-Feeling-appreciated-predicts-prosocial-motivation-in-avoidantly-attached-individuals-1.pdf\" target=\"_blank\" rel=\"noopener\"><span style=\"color: #800080;\"><strong><span style=\"color: #800080;\">Feeling appreciated promotes prosocial motivation in avoidantly attached individuals<\/span><\/strong><\/span><\/a><\/p>\n<p>Kristina M. Schrage, Bonnie M. Le, Jennifer E. Stellar, &amp; Emily A. Impett (2024).<\/p>\n<p><em>Personality and Social Psychology Bulletin<\/em><em><\/em><\/p>\n<p>&nbsp;<\/p>\n<p><a href=\"https:\/\/labsites.rochester.edu\/lelab\/wp-content\/uploads\/2024\/01\/Qaiser-et-al.-2023-Shared-hearts-and-minds-Physiological-synchrony-during-empathy.pdf\" target=\"_blank\" rel=\"noopener\"><span style=\"color: #800080;\"><strong><span style=\"color: #800080;\">Shared hearts and minds: Physiological synchrony during empathy<\/span><\/strong><\/span><\/a><\/p>\n<p>Jaweria Qaiser, Nathan D. Leonhardt, Bonnie M. Le, Amie M. Gordon, Emily A. Impett, &amp; Jennifer E. Stellar\u00a0 (2023).<\/p>\n<p><em>Affective Science<\/em><\/p>\n<p>&nbsp;<\/p>\n<p><a href=\"https:\/\/labsites.rochester.edu\/lelab\/wp-content\/uploads\/2022\/12\/Sisson-et-al.-2022-The-role-of-suppression-and-reappraisal-in-partner-change-outcomes.pdf\" target=\"_blank\" rel=\"noopener\"><span style=\"color: #800080;\"><strong><span style=\"color: #800080;\">When we&#8217;re asked to change: The role of suppression and reappraisal in partner change outcomes<\/span><\/strong><\/span><\/a><\/p>\n<p>Natalie M. Sisson, Grace Wang, Bonnie M. Le, Jennifer Stellar, &amp; Emily A. Impett (2022).<\/p>\n<p><em>Journal of Social and Personal Relationships<\/em><\/p>\n<ul><\/ul>\n<p>&nbsp;<\/p>\n<p><span style=\"color: #800080;\"><strong><a href=\"https:\/\/labsites.rochester.edu\/lelab\/wp-content\/uploads\/2020\/10\/Park-et-al.-2020-How-can-I-thank-you-Highlighting-the-benefactors-responsiveness-or-costs-when-expressing-gratitude.pdf\" target=\"_blank\" rel=\"noopener noreferrer\" style=\"color: #800080;\">How can I thank you? Highlighting the benefactor&#8217;s responsiveness or costs when expressing gratitude<\/a><\/strong><\/span><\/p>\n<p>Yoobin Park, Mariko L. Visserman, Natalie M. Sisson, Bonnie M. Le, Jennifer E. Stellar, &amp; Emily A. Impett (2021).<\/p>\n<p><em>Journal of Social and Personal Relationships<\/em><\/p>\n<p>&nbsp;<\/p>\n<p><span style=\"color: #800080;\"><strong><a href=\"https:\/\/labsites.rochester.edu\/lelab\/wp-content\/uploads\/2020\/06\/Le-et-al.-2020-The-distinct-effects-of-empathic-accuracy-for-appeasement-and-dominance-emotions.pdf\" target=\"_blank\" rel=\"noopener noreferrer\" style=\"color: #800080;\">The distinct effects of empathic accuracy for a romantic partner&#8217;s appeasement and dominance emotions<\/a><\/strong><\/span><\/p>\n<p>Bonnie M. Le, St\u00e9phane C\u00f4t\u00e9, Jennifer E. Stellar, &amp; Emily A. Impett (2020).<\/p>\n<p><span style=\"color: #800080;\"><em style=\"color: #3c4858;\">Psychological Science<\/em><\/span><\/p>\n<p>&nbsp;<\/p>\n<p><span style=\"color: #800080;\"><a href=\"https:\/\/labsites.rochester.edu\/lelab\/wp-content\/uploads\/2020\/06\/Le-Impett-2016-The-costs-of-suppressing-negative-and-amplifying-positive-emotions-for-parents.pdf\" target=\"_blank\" rel=\"noopener noreferrer\" style=\"color: #800080;\"><strong>The costs of suppressing negative emotions and amplifying positive emotions for parents<\/strong><\/a><\/span><\/p>\n<p>Bonnie M. Le &amp; Emily A. Impett (2016).<\/p>\n<p><em>Personality and Social Psychology Bulletin<\/em><\/p>\n<p>&nbsp;<\/p>\n<p><span style=\"color: #800080;\"><a href=\"https:\/\/labsites.rochester.edu\/lelab\/wp-content\/uploads\/2020\/06\/Impett-et-al.-2014-The-costs-of-perceived-partner-suppression-during-relationship-sacrifice.pdf\" target=\"_blank\" rel=\"noopener noreferrer\" style=\"color: #800080;\"><strong>When you think your partner is holding back: The costs of perceived partner suppression during relationship sacrifice<\/strong><\/a><\/span><\/p>\n<p>Emily A. Impett, Bonnie M. Le, Aleksandr Kogan, Christopher Oveis, &amp; Dacher Keltner (2014).<\/p>\n<p><em>Social Psychological and Personality Science<\/em><\/p>\n<p>&nbsp;<\/p>\n<p><span style=\"color: #800080;\"><a href=\"https:\/\/labsites.rochester.edu\/lelab\/wp-content\/uploads\/2020\/06\/Le-Impett-2013-Suppressing-negative-emotions-during-sacrifice-feels-authentic-and-is-beneficial-for-the-highly-interdependent.pdf\" target=\"_blank\" rel=\"noopener noreferrer\" style=\"color: #800080;\"><strong>When holding back helps: Suppressing negative emotions during sacrifice feels authentic and is beneficial for the highly interdependent<\/strong><\/a><\/span><\/p>\n<p>Bonnie M. Le &amp; Emily A. Impett (2013).<\/p>\n<p><em>Psychological Science<\/em><\/p>\n<p>&nbsp;<\/p>\n<p>&nbsp;<\/p>\n","protected":false},"excerpt":{"rendered":"<p>&nbsp; Feeling pride and awe in parenthood: The unique emotional rewards of parenting on well-being Princeton X. Chee, Claire. J. Shimshock, &amp; Bonnie M. Le (2026). Social Psychological and Personality Science &nbsp; How honesty shapes the personal and interpersonal benefits of gratitude Bonnie M. Le, * Claire. J. Shimshock, * [&hellip;]<\/p>\n","protected":false},"author":12,"featured_media":2046,"parent":2006,"menu_order":0,"comment_status":"closed","ping_status":"closed","template":"","meta":{"_themeisle_gutenberg_block_has_review":false,"footnotes":""},"class_list":["post-5032","page","type-page","status-publish","has-post-thumbnail","hentry"],"_links":{"self":[{"href":"https:\/\/labsites.rochester.edu\/lelab\/index.php\/wp-json\/wp\/v2\/pages\/5032","targetHints":{"allow":["GET"]}}],"collection":[{"href":"https:\/\/labsites.rochester.edu\/lelab\/index.php\/wp-json\/wp\/v2\/pages"}],"about":[{"href":"https:\/\/labsites.rochester.edu\/lelab\/index.php\/wp-json\/wp\/v2\/types\/page"}],"author":[{"embeddable":true,"href":"https:\/\/labsites.rochester.edu\/lelab\/index.php\/wp-json\/wp\/v2\/users\/12"}],"replies":[{"embeddable":true,"href":"https:\/\/labsites.rochester.edu\/lelab\/index.php\/wp-json\/wp\/v2\/comments?post=5032"}],"version-history":[{"count":35,"href":"https:\/\/labsites.rochester.edu\/lelab\/index.php\/wp-json\/wp\/v2\/pages\/5032\/revisions"}],"predecessor-version":[{"id":13732,"href":"https:\/\/labsites.rochester.edu\/lelab\/index.php\/wp-json\/wp\/v2\/pages\/5032\/revisions\/13732"}],"up":[{"embeddable":true,"href":"https:\/\/labsites.rochester.edu\/lelab\/index.php\/wp-json\/wp\/v2\/pages\/2006"}],"wp:featuredmedia":[{"embeddable":true,"href":"https:\/\/labsites.rochester.edu\/lelab\/index.php\/wp-json\/wp\/v2\/media\/2046"}],"wp:attachment":[{"href":"https:\/\/labsites.rochester.edu\/lelab\/index.php\/wp-json\/wp\/v2\/media?parent=5032"}],"curies":[{"name":"wp","href":"https:\/\/api.w.org\/{rel}","templated":true}]}}