{"id":2006,"date":"2020-06-13T14:55:53","date_gmt":"2020-06-13T14:55:53","guid":{"rendered":"https:\/\/labsites.wdev.rochester.edu\/lelab\/?page_id=2006"},"modified":"2026-03-14T02:54:22","modified_gmt":"2026-03-14T02:54:22","slug":"publications","status":"publish","type":"page","link":"https:\/\/labsites.rochester.edu\/lelab\/index.php\/publications\/","title":{"rendered":"Publications"},"content":{"rendered":"<p style=\"text-align: center;\"><strong>2024 &#8211; present<\/strong><\/p>\n<p>&nbsp;<\/p>\n<p><span style=\"color: #993366;\"><a href=\"https:\/\/labsites.rochester.edu\/lelab\/wp-content\/uploads\/2026\/03\/Chee-et-al.-2026-Feeling-pride-and-awe-in-parenthood.pdf\" target=\"_blank\" rel=\"noopener\" style=\"color: #993366;\"><strong><span style=\"color: #800080;\">Feeling pride and awe in parenthood: The unique emotional rewards of parenting on well-being<\/span><\/strong><\/a><\/span><\/p>\n<p>Princeton X. Chee, Claire. J. Shimshock, &amp; Bonnie M. Le (2026).<\/p>\n<p><em>Social Psychological and Personality Science<\/em><\/p>\n<p>&nbsp;<\/p>\n<p><a href=\"https:\/\/labsites.rochester.edu\/lelab\/wp-content\/uploads\/2026\/03\/Le-et-al.-2026-How-honesty-shapes-the-personal-and-interpersonal-benefits-of-gratitude.pdf\" target=\"_blank\" rel=\"noopener\"><span><strong><span style=\"color: #993366;\"><span style=\"color: #800080;\">How honesty shapes the personal and interpersonal benefits of gratitude<\/span><\/span><\/strong><\/span><\/a><\/p>\n<p>Bonnie M. Le, * Claire. J. Shimshock, * Princeton X. Chee, &amp; Jenny D. V. Le (2026).<\/p>\n<p><em>Emotion<\/em><\/p>\n<p>&nbsp;<\/p>\n<p><a href=\"https:\/\/labsites.rochester.edu\/lelab\/wp-content\/uploads\/2026\/03\/Shimshock-et-al.-2026-Hope-for-our-future.pdf\"><span><strong><span style=\"color: #993366;\"><span style=\"color: #800080;\">Hope for our future: Relational hope promotes relationship goal pursuit and well-being<\/span><\/span><\/strong><\/span><\/a><\/p>\n<p>Claire. J. Shimshock, Princeton X. Chee, Harry T. Reis, &amp; Bonnie M. Le (2026).<\/p>\n<p><em>Journal of Family Psychology<\/em><\/p>\n<p>&nbsp;<\/p>\n<p><a href=\"https:\/\/labsites.rochester.edu\/lelab\/wp-content\/uploads\/2025\/05\/chee-et-al-2025-prosociality-as-a-means-to-buffer-loneliness-and-strengthen-well-being.pdf\" target=\"_blank\" rel=\"noopener\"><span><strong><span style=\"color: #993366;\"><span style=\"color: #800080;\">Prosociality as a means to buffer loneliness and strengthen well-being<\/span><\/span><\/strong><\/span><\/a><\/p>\n<p>Princeton X. Chee, Claire. J. Shimshock, &amp; Bonnie M. Le (2025).<\/p>\n<p><em>Journal of Social and Personal Relationships<\/em><\/p>\n<p>&nbsp;<\/p>\n<p><span style=\"color: #993366;\"><a href=\"https:\/\/labsites.rochester.edu\/lelab\/wp-content\/uploads\/2025\/01\/Le-et-al.-2025-Expressed-and-perceived-honesty-benefits-relationships-even-when-couples-are-not-accurate.pdf\" target=\"_blank\" rel=\"noopener\" style=\"color: #993366;\"><strong><span style=\"color: #800066;\"><span style=\"color: #800080;\">Expressed and perceived honesty benefits relationships even when couples are not accurate<\/span><\/span><\/strong><\/a><\/span><\/p>\n<p>Bonnie M. Le, * Princeton X. Chee, * Claire. J. Shimshock, &amp; Jenny D. V. Le (2025).<\/p>\n<p><em>Social Psychological and Personality Science<\/em><\/p>\n<p>&nbsp;<\/p>\n<p><strong><a href=\"https:\/\/labsites.rochester.edu\/lelab\/wp-content\/uploads\/2026\/02\/Le-Chopik-2025-Harnessing-the-benefits-of-honesty.pdf\" target=\"_blank\" rel=\"noopener\"><span><span style=\"color: #993366;\"><span style=\"color: #800080;\">Harnessing the benefits of honesty for individuals, relationships, and society<\/span><\/span><\/span><\/a><\/strong><\/p>\n<p>* Bonnie M. Le &amp; * William J. Chopik (2025).<\/p>\n<p><em>Policy Insights from the Behavioral and Brain Sciences<\/em><\/p>\n<p>&nbsp;<\/p>\n<p><a href=\"https:\/\/labsites.rochester.edu\/lelab\/wp-content\/uploads\/2025\/12\/Shimshock-et-al.-2025-Amplification-is-costly-for-personal-and-relationship-well-being.pdf\"><span style=\"color: #800080;\"><b>The hidden costs of gratitude: Gratitude amplification is costly for personal and relationship well-being<\/b><\/span><\/a><\/p>\n<p>Claire. J. Shimshock, Natalie M. Sisson, Princeton X. Chee, Jennifer E. Stellar, Emily A. Impett, &amp; Bonnie M. Le (2025).<\/p>\n<p><em>Personality and Social Psychology Bulletin<\/em><\/p>\n<p>&nbsp;<\/p>\n<p><a href=\"https:\/\/labsites.rochester.edu\/lelab\/wp-content\/uploads\/2024\/04\/Sisson-et-al.-2024-Gratitude-promotes-autonomous-motivation-and-successful-partner-regulation.pdf\" target=\"_blank\" rel=\"noopener\"><span style=\"color: #800080;\"><b>Thank you for changing: Gratitude promotes autonomous motivation and successful partner regulation<\/b><\/span><\/a><\/p>\n<p>Natalie M. Sisson, Yoobin Park, Nickola C. Overall, Gideon H. Park, Matthew D. Johnson, Jennifer E. Stellar, Bonnie M. Le, and Emily A. Impett (2025).<\/p>\n<p><em>Personality and Social Psychology Bulletin<\/em><\/p>\n<p>&nbsp;<\/p>\n<p><a href=\"https:\/\/labsites.rochester.edu\/lelab\/wp-content\/uploads\/2024\/03\/schrage-et-al-2022-feeling-appreciated-predicts-prosocial-motivation-in-avoidantly-attached-individuals.pdf\" target=\"_blank\" rel=\"noopener\"><span style=\"color: #800080;\"><strong>Feeling apprec<span style=\"color: #800080;\">iated promotes p<\/span>rosocial motivation in avoidantly attached individuals<\/strong><\/span><\/a><\/p>\n<p>Kristina M. Schrage, Bonnie M. Le, Jennifer E. Stellar, &amp; Emily A. Impett (2024).<\/p>\n<p><em>Personality and Social Psychology Bulletin<\/em><\/p>\n<p>&nbsp;<\/p>\n<p><a href=\"https:\/\/labsites.rochester.edu\/lelab\/wp-content\/uploads\/2024\/03\/snell-et-al-2022-does-religious-priming-induce-greater-prejudice-a-meta-analytic-review.pdf\" target=\"_blank\" rel=\"noopener\"><span style=\"color: #800080;\"><strong>Does religious priming induce greater prejudice? A meta-analytic review<\/strong><\/span><\/a><\/p>\n<p>Anetta L. Snell, Miron Zuckerman, &amp; Bonnie M. Le (2024).<\/p>\n<p><span style=\"color: #800080;\"><em style=\"color: #3c4858;\">Personality and Social Psychology Bulletin<\/em><\/span><\/p>\n<p>&nbsp;<\/p>\n<p style=\"text-align: center;\"><strong>2021 &#8211; 2023<\/strong><\/p>\n<p>&nbsp;<\/p>\n<p><a href=\"https:\/\/labsites.rochester.edu\/lelab\/wp-content\/uploads\/2023\/06\/Lemay-et-al.-2023-Listening-and-the-pursuit-of-communal-relationships.pdf\" target=\"_blank\" rel=\"noopener\"><span style=\"color: #800080;\"><strong>Listening and the pursuit of communal relationships<\/strong><\/span><\/a><\/p>\n<p>Edward P. Lemay, Jr., Bonnie M. Le, &amp; Margaret S. Clark\u00a0 (2023).<\/p>\n<p><em>Current Opinion in Psychology<\/em><\/p>\n<p>&nbsp;<\/p>\n<p><a href=\"https:\/\/labsites.rochester.edu\/lelab\/wp-content\/uploads\/2024\/01\/Qaiser-et-al.-2023-Shared-hearts-and-minds-Physiological-synchrony-during-empathy.pdf\" target=\"_blank\" rel=\"noopener\"><span style=\"color: #800080;\"><strong>Shared hearts and minds: Physiological synchrony during empathy<\/strong><\/span><\/a><\/p>\n<p>Jaweria Qaiser, Nathan D. Leonhardt, Bonnie M. Le, Amie M. Gordon, Emily A. Impett, &amp; Jennifer E. Stellar\u00a0 (2023).<\/p>\n<p><em>Affective Science<\/em><\/p>\n<p>&nbsp;<\/p>\n<p><span style=\"color: #800080;\"><strong>Economic status and avoidance motivation: A meta-analysis<\/strong><\/span><\/p>\n<p>Karen M. Gilbert, Andrew J. Elliot, &amp; Bonnie M. Le (2022).<\/p>\n<p><em>Motivation and Emotion<\/em><\/p>\n<p>&nbsp;<\/p>\n<p><a href=\"https:\/\/labsites.rochester.edu\/lelab\/wp-content\/uploads\/2022\/08\/Le-et-al.-2022-How-honesty-shapes-well-being.pdf\" target=\"_blank\" rel=\"noopener\"><span style=\"color: #800080;\"><strong>When the truth helps and when it hurts: How honesty shapes well-being<\/strong><\/span><\/a><\/p>\n<p>Bonnie M. Le, William J. Chopik, Claire J. Shimshock, &amp; Princeton X. Chee (2022).<\/p>\n<p><em>Current Opinion in Psychology<\/em><\/p>\n<p><em>\u00a0<\/em><\/p>\n<p><a href=\"https:\/\/labsites.rochester.edu\/lelab\/wp-content\/uploads\/2022\/08\/Shimshock-Le-2022-A-model-of-relational-hope-and-well-being.pdf\" target=\"_blank\" rel=\"noopener\"><span style=\"color: #800080;\"><strong><span>Having the will, finding the ways, and wishes for the future: A model of relational hope and well-being<\/span><\/strong><\/span><\/a><\/p>\n<p>Claire J. Shimshock &amp; Bonnie M. Le (2022).<\/p>\n<p><em>Social and Personality Psychology Compass\u00a0<\/em><\/p>\n<p>&nbsp;<\/p>\n<p><a href=\"https:\/\/labsites.rochester.edu\/lelab\/wp-content\/uploads\/2022\/12\/Sisson-et-al.-2022-The-role-of-suppression-and-reappraisal-in-partner-change-outcomes.pdf\" target=\"_blank\" rel=\"noopener\"><span style=\"color: #800080;\"><strong>When we&#8217;re asked to change: The role of suppression and reappraisal in partner change outcomes<\/strong><\/span><\/a><\/p>\n<p>Natalie M. Sisson, Grace Wang, Bonnie M. Le, Jennifer Stellar, &amp; Emily A. Impett (2022).<\/p>\n<p><em>Journal of Social and Personal Relationships<\/em><\/p>\n<p>&nbsp;<\/p>\n<ul><\/ul>\n<p><a href=\"https:\/\/labsites.rochester.edu\/lelab\/wp-content\/uploads\/2022\/12\/Sisson-et-al.-2022-The-benefits-of-living-with-close-others.pdf\" target=\"_blank\" rel=\"noopener\"><span style=\"color: #800080;\"><strong>The benefits of living with close others: A longitudinal investigation of mental health before and during a global stressor<\/strong><\/span><\/a><\/p>\n<p>Natalie M. Sisson, Emily C. Willroth, Bonnie M. Le, &amp; Brett Q. Ford (2022).<\/p>\n<p><span style=\"color: #800080;\"><em style=\"color: #3c4858;\">Clinical Psychological Science<\/em><\/span><\/p>\n<p>&nbsp;<\/p>\n<p><a href=\"https:\/\/labsites.rochester.edu\/lelab\/wp-content\/uploads\/2022\/12\/Snell-Zuckerman-Le-2022-Does-religious-priming-induce-greater-prejudice-A-meta-analytic-review.pdf\" target=\"_blank\" rel=\"noopener\"><span style=\"color: #800080;\"><strong>Does religious priming induce greater prejudice? A meta-analytic review<\/strong><\/span><\/a><\/p>\n<p>Anetta L. Snell, Miron Zuckerman, &amp; Bonnie M. Le (2022).<\/p>\n<p><span style=\"color: #800080;\"><em style=\"color: #3c4858;\">Personality and Social Psychology Bulletin<\/em><\/span><\/p>\n<p>&nbsp;<\/p>\n<p><a href=\"https:\/\/labsites.rochester.edu\/lelab\/wp-content\/uploads\/2022\/12\/Visserman-et-al.-2022-Perceived-partner-responsiveness-fosters-more-positive-appraisals-of-relational-sacrifices.pdf\" target=\"_blank\" rel=\"noopener\"><span style=\"color: #800080;\"><strong>Lightening the load: Perceived partner responsiveness fosters more positive appraisals of relational sacrifices<\/strong><\/span><\/a><\/p>\n<p>Mariko L. Visserman, Amy Muise, Francesca Righetti, Rebecca M. Horne, Bonnie M. Le, St\u00e9phane C\u00f4t\u00e9, &amp; Emily A. Impett (2022).<\/p>\n<p><em>Journal of Personality and Social Psychology<\/em><\/p>\n<p>&nbsp;<\/p>\n<p><span style=\"color: #800080;\"><strong><a href=\"https:\/\/labsites.rochester.edu\/lelab\/wp-content\/uploads\/2020\/10\/Park-et-al.-2020-How-can-I-thank-you-Highlighting-the-benefactors-responsiveness-or-costs-when-expressing-gratitude.pdf\" target=\"_blank\" rel=\"noopener noreferrer\" style=\"color: #800080;\">How can I thank you? Highlighting the benefactor&#8217;s responsiveness or costs when expressing gratitude<\/a><\/strong><\/span><\/p>\n<p>Yoobin Park, Mariko L. Visserman, Natalie M. Sisson, Bonnie M. Le, Jennifer E. Stellar, &amp; Emily A. Impett (2021).<\/p>\n<p><em>Journal of Social and Personal Relationships<\/em><\/p>\n<p>&nbsp;<\/p>\n<p style=\"text-align: center;\"><strong>2018 &#8211; 2020<\/strong><\/p>\n<p>&nbsp;<\/p>\n<p><span style=\"color: #800080;\"><strong><a href=\"https:\/\/labsites.rochester.edu\/lelab\/wp-content\/uploads\/2020\/06\/Le-et-al.-2020-The-distinct-effects-of-empathic-accuracy-for-appeasement-and-dominance-emotions.pdf\" target=\"_blank\" rel=\"noopener noreferrer\" style=\"color: #800080;\">The distinct effects of empathic accuracy for a romantic partner&#8217;s appeasement and dominance emotions<\/a><\/strong><\/span><\/p>\n<p>Bonnie M. Le, St\u00e9phane C\u00f4t\u00e9, Jennifer E. Stellar, &amp; Emily A. Impett (2020).<\/p>\n<p><em>Psychological Science<\/em><\/p>\n<p>&nbsp;<\/p>\n<p><span style=\"color: #800080;\"><a href=\"https:\/\/labsites.rochester.edu\/lelab\/wp-content\/uploads\/2020\/06\/Sakaluk-et-al.-2020-Measuring-the-strength-of-norms-in-romantic-relationships.pdf\" target=\"_blank\" rel=\"noopener noreferrer\" style=\"color: #800080;\"><strong>On the strength of ties that bind: Measuring the strength of norms in romantic relationships<\/strong><\/a><\/span><\/p>\n<p>John K. Sakaluk,\u00a0 Monica Biernat, Bonnie M. Le, Sarah Lundy, &amp; Emily A. Impett (2020).<\/p>\n<p><em>Journal of Social and Personal Relationships<\/em><\/p>\n<p>&nbsp;<\/p>\n<p><a href=\"https:\/\/labsites.rochester.edu\/lelab\/wp-content\/uploads\/2020\/06\/Le-Impett-2019-Communal-motivation.pdf\" target=\"_blank\" rel=\"noopener noreferrer\"><strong><\/strong><\/a><span style=\"color: #800080;\"><strong><a href=\"https:\/\/labsites.rochester.edu\/lelab\/wp-content\/uploads\/2020\/06\/Le-Impett-2019-Communal-motivation-1.pdf\" target=\"_blank\" rel=\"noopener noreferrer\" style=\"color: #800080;\">Communal motivation<\/a><\/strong><\/span><\/p>\n<p>Bonnie M. Le &amp; Emily A. Impett (2019).<\/p>\n<p><em>Macmillan Encyclopedia of Intimate and Family Relationships<\/em><\/p>\n<p><strong>\u00a0<\/strong><\/p>\n<p><span style=\"color: #800080;\"><a href=\"https:\/\/labsites.rochester.edu\/lelab\/wp-content\/uploads\/2020\/06\/Le-Impett-2019-Parenting-goal-pursuit-is-linked-to-emotional-well-being-relationship-quality-and-responsiveness.pdf\" target=\"_blank\" rel=\"noopener noreferrer\" style=\"color: #800080;\"><strong>Parenting goal pursuit is linked to emotional well-being, relationship quality, and responsiveness<\/strong><\/a><\/span><\/p>\n<p>Bonnie M. Le &amp; Emily A. Impett (2019).<\/p>\n<p><em>Journal of Social and Personal Relationships<\/em><\/p>\n<p><strong>\u00a0<\/strong><\/p>\n<p><span style=\"color: #800080;\"><a href=\"https:\/\/labsites.rochester.edu\/lelab\/wp-content\/uploads\/2020\/06\/Le-et-al.-2019-How-gender-age-and-socioeconomic-status-predict-parenting-goal-pursuit.pdf\" target=\"_blank\" rel=\"noopener noreferrer\" style=\"color: #800080;\"><strong>How gender, age, and socioeconomic status predict parenting goal pursuit<\/strong><\/a><\/span><\/p>\n<p>Bonnie M. Le, John K. Sakaluk, Lisa C. Day, &amp; Emily A. Impett (2019).<\/p>\n<p><em>Journal of Social and Personal Relationships<\/em><\/p>\n<p>&nbsp;<\/p>\n<p><span style=\"color: #800080;\"><a href=\"https:\/\/labsites.rochester.edu\/lelab\/wp-content\/uploads\/2020\/06\/Le-et-al.-2018-Communal-motivation-and-well-being-in-interpersonal-relationships-An-integrative-review-and-meta-analysis.pdf\" target=\"_blank\" rel=\"noopener noreferrer\" style=\"color: #800080;\"><strong>Communal motivation and well-being in interpersonal relationships: An integrative review and meta-analysis<\/strong><\/a><\/span><\/p>\n<p>Bonnie M. Le, Emily A. Impett, Edward P. Lemay Jr., Amy Muise, &amp; Konstantin O. Tskhay (2018).<\/p>\n<p><em>Psychological Bulletin<\/em><\/p>\n<p>&nbsp;<\/p>\n<p style=\"text-align: center;\"><strong>2015 &#8211; 2017<\/strong><\/p>\n<p>&nbsp;<\/p>\n<p><span style=\"color: #800080;\"><a href=\"https:\/\/labsites.rochester.edu\/lelab\/wp-content\/uploads\/2020\/06\/Le-Impett-2016-The-costs-of-suppressing-negative-and-amplifying-positive-emotions-for-parents.pdf\" target=\"_blank\" rel=\"noopener noreferrer\" style=\"color: #800080;\"><strong>The costs of suppressing negative emotions and amplifying positive emotions for parents<\/strong><\/a><\/span><\/p>\n<p>Bonnie M. Le &amp; Emily A. Impett (2016).<\/p>\n<p><em>Personality and Social Psychology Bulletin<\/em><\/p>\n<p>&nbsp;<\/p>\n<p><span style=\"color: #800080;\"><a href=\"https:\/\/labsites.rochester.edu\/lelab\/wp-content\/uploads\/2020\/06\/Le-Impett-2015-The-rewards-of-caregiving-for-communally-motivated-parents.pdf\" target=\"_blank\" rel=\"noopener noreferrer\" style=\"color: #800080;\"><strong>The rewards of caregiving for communally motivated parents<\/strong><\/a><\/span><\/p>\n<p>Bonnie M. Le &amp; Emily A. Impett (2015).<\/p>\n<p><em>Social Psychological and Personality Science<\/em><\/p>\n<p>&nbsp;<\/p>\n<p><span style=\"color: #800080;\"><a href=\"https:\/\/labsites.rochester.edu\/lelab\/wp-content\/uploads\/2020\/06\/Webster-et-al.-2015-The-BAQ-Structure-validity-reliability-and-generalizability.pdf\" target=\"_blank\" rel=\"noopener noreferrer\" style=\"color: #800080;\"><strong>The Brief Aggression Questionnaire: Structure, validity, reliability, and generalizability<\/strong><\/a><\/span><\/p>\n<p>Gregory D. Webster, Nathan C. DeWall, Richard S. Pond Jr., Timothy Deckman, T., Peter K. Jonason, Bonnie M. Le, Austin L. Nichols, Tatiana Orozco Schember, Laura C. Crysel, Benjamin S. Crosier, Veronica Smith, E. Layne Paddock, John B. Nezlek, Lee A. Kirkpatrick, Angela D. Bryan, &amp; Ren\u00e9e J. Bator (2015).<\/p>\n<p><em>Journal\u00a0of\u00a0Personality\u00a0Assessment<\/em><\/p>\n<p>&nbsp;<\/p>\n<p style=\"text-align: center;\"><strong>2012 &#8211; 2014<\/strong><\/p>\n<p>&nbsp;<\/p>\n<p><span style=\"color: #800080;\"><a href=\"https:\/\/labsites.rochester.edu\/lelab\/wp-content\/uploads\/2020\/06\/Impett-et-al.-2014-The-costs-of-perceived-partner-suppression-during-relationship-sacrifice.pdf\" target=\"_blank\" rel=\"noopener noreferrer\" style=\"color: #800080;\"><strong>When you think your partner is holding back: The costs of perceived partner suppression during relationship sacrifice<\/strong><\/a><\/span><\/p>\n<p>Emily A. Impett, Bonnie M. Le, Aleksandr Kogan, Christopher Oveis, &amp; Dacher Keltner (2014).<\/p>\n<p><em>Social Psychological and Personality Science<\/em><\/p>\n<p>&nbsp;<\/p>\n<p><span style=\"color: #800080;\"><a href=\"https:\/\/labsites.rochester.edu\/lelab\/wp-content\/uploads\/2020\/06\/Webster-et-al.-2013-The-BAQ-Psychometric-and-Behavioral-Evidence.pdf\" target=\"_blank\" rel=\"noopener noreferrer\" style=\"color: #800080;\"><strong>The Brief Aggression Questionnaire: Psychometric and behavioral evidence for an efficient measure of trait aggression<\/strong><\/a><\/span><\/p>\n<p>Gregory D. Webster, Nathan C. DeWall, Richard S. Pond Jr., Timothy Deckman, Peter K. Jonason, Bonnie M. Le, Austin L. Nichols, Tatiana Orozco Schember, Laura C. Crysel, Benjamin S. Crosier, C. Veronica Smith, E. Layne Paddock, John B. Nezlek, Lee A. Kirkpatrick, Angela D. Bryan, Ren\u00e9e J. Bator (2014).<\/p>\n<p><em>Aggressive Behavior<\/em><\/p>\n<p>&nbsp;<\/p>\n<p><span style=\"color: #800080;\"><a href=\"https:\/\/labsites.rochester.edu\/lelab\/wp-content\/uploads\/2020\/06\/Impett-et-al-2013-The-joys-of-genuine-giving-Approach-and-avoidance-sacrifice-motivation-and-authenticity.pdf\" target=\"_blank\" rel=\"noopener noreferrer\" style=\"color: #800080;\"><strong>The joys of genuine giving: Approach and avoidance sacrifice motivation and authenticity<\/strong><\/a><\/span><\/p>\n<p>Emily A. Impett, Leyla Javam, Bonnie M. Le, Behzad Asyaby-Eshghi, &amp; Aleksandr Kogan (2013).<\/p>\n<p><em>Personal Relationships<\/em><\/p>\n<p>&nbsp;<\/p>\n<p><span style=\"color: #800080;\"><a href=\"https:\/\/labsites.rochester.edu\/lelab\/wp-content\/uploads\/2020\/06\/Impett-et-al.-2013-Sacrificing-for-avoidance-goals-is-not-costly-for-the-highly-interdependent.pdf\" target=\"_blank\" rel=\"noopener noreferrer\" style=\"color: #800080;\"><strong>To give or not to give? Sacrificing for avoidance goals is not costly for the highly interdependent<\/strong><\/a><\/span><\/p>\n<p>Emily A. Impett, Bonnie M. Le, Behzad Asyabi-Eshghi, Lisa C. Day, &amp; Aleksandr Kogan (2013).<\/p>\n<p><em>Social Psychological and Personality Science<\/em><\/p>\n<p>&nbsp;<\/p>\n<p><span style=\"color: #800080;\"><a href=\"https:\/\/labsites.rochester.edu\/lelab\/wp-content\/uploads\/2020\/06\/Le-Impett-2013-Suppressing-negative-emotions-during-sacrifice-feels-authentic-and-is-beneficial-for-the-highly-interdependent.pdf\" target=\"_blank\" rel=\"noopener noreferrer\" style=\"color: #800080;\"><strong>When holding back helps: Suppressing negative emotions during sacrifice feels authentic and is beneficial for the highly interdependent<\/strong><\/a><\/span><\/p>\n<p>Bonnie M. Le &amp; Emily A. Impett (2013).<\/p>\n<p><em>Psychological Science<\/em><\/p>\n<p>&nbsp;<\/p>\n<p><span style=\"color: #800080;\"><a href=\"https:\/\/labsites.rochester.edu\/lelab\/wp-content\/uploads\/2020\/06\/Le-et-al.-2013-The-personal-and-interpersonal-rewards-of-communal-orientation.pdf\" target=\"_blank\" rel=\"noopener noreferrer\" style=\"color: #800080;\"><strong>The personal and interpersonal rewards of communal orientation<\/strong><\/a><\/span><\/p>\n<p>Bonnie M. Le, Emily A. Impett, Aleksandr Kogan, Gregory D. Webster, &amp; Cecilia Cheng (2013).<\/p>\n<p><em>Journal of Social and Personal Relationships<\/em><\/p>\n<p>&nbsp;<\/p>\n<p><span style=\"color: #800080;\"><a href=\"https:\/\/labsites.rochester.edu\/lelab\/wp-content\/uploads\/2020\/06\/Schlenker-Chambers-Le-2012-Conservatives-are-happier-than-liberals-but-why-Political-ideology-personality-and-life-satisfaction.pdf\" target=\"_blank\" rel=\"noopener noreferrer\" style=\"color: #800080;\"><strong>Conservatives are happier than liberals, but why? Political ideology, personality, and life satisfaction<\/strong><\/a><\/span><\/p>\n<p>Barry R. Schlenker, John R. Chambers, &amp; Bonnie M. Le (2012).<\/p>\n<p><em>Journal of Research in Personality<\/em><\/p>\n<p>&nbsp;<\/p>\n<p><span style=\"color: #800080;\"><a href=\"https:\/\/labsites.rochester.edu\/lelab\/wp-content\/uploads\/2020\/06\/Webster-et-al.-2012-Two-Sides-of-the-Same-Coin-Viewing-Altruism-and-Aggression-through-the-Adaptive-Lens-of-Kinship.pdf\" target=\"_blank\" rel=\"noopener noreferrer\" style=\"color: #800080;\"><strong>Two sides of the same coin? Viewing altruism and aggression through the adaptive lens of kinship<\/strong><\/a><\/span><\/p>\n<p>Gregory D. Webster, Catherine A. Cottrell, Tatiana Orozco Schember, Laura C. Crysel, Benjamin S. Crosier, Amanda N. Gesselman, &amp; Bonnie M. Le (2012).<\/p>\n<p><em>Social and Personality Psychology Compass<\/em><\/p>\n<p>&nbsp;<\/p>\n<p>&nbsp;<\/p>\n","protected":false},"excerpt":{"rendered":"<p>2024 &#8211; present &nbsp; Feeling pride and awe in parenthood: The unique emotional rewards of parenting on well-being Princeton X. Chee, Claire. J. Shimshock, &amp; Bonnie M. Le (2026). Social Psychological and Personality Science &nbsp; How honesty shapes the personal and interpersonal benefits of gratitude Bonnie M. Le, * Claire. [&hellip;]<\/p>\n","protected":false},"author":12,"featured_media":2046,"parent":0,"menu_order":0,"comment_status":"closed","ping_status":"closed","template":"","meta":{"_themeisle_gutenberg_block_has_review":false,"footnotes":""},"class_list":["post-2006","page","type-page","status-publish","has-post-thumbnail","hentry"],"_links":{"self":[{"href":"https:\/\/labsites.rochester.edu\/lelab\/index.php\/wp-json\/wp\/v2\/pages\/2006","targetHints":{"allow":["GET"]}}],"collection":[{"href":"https:\/\/labsites.rochester.edu\/lelab\/index.php\/wp-json\/wp\/v2\/pages"}],"about":[{"href":"https:\/\/labsites.rochester.edu\/lelab\/index.php\/wp-json\/wp\/v2\/types\/page"}],"author":[{"embeddable":true,"href":"https:\/\/labsites.rochester.edu\/lelab\/index.php\/wp-json\/wp\/v2\/users\/12"}],"replies":[{"embeddable":true,"href":"https:\/\/labsites.rochester.edu\/lelab\/index.php\/wp-json\/wp\/v2\/comments?post=2006"}],"version-history":[{"count":83,"href":"https:\/\/labsites.rochester.edu\/lelab\/index.php\/wp-json\/wp\/v2\/pages\/2006\/revisions"}],"predecessor-version":[{"id":13702,"href":"https:\/\/labsites.rochester.edu\/lelab\/index.php\/wp-json\/wp\/v2\/pages\/2006\/revisions\/13702"}],"wp:featuredmedia":[{"embeddable":true,"href":"https:\/\/labsites.rochester.edu\/lelab\/index.php\/wp-json\/wp\/v2\/media\/2046"}],"wp:attachment":[{"href":"https:\/\/labsites.rochester.edu\/lelab\/index.php\/wp-json\/wp\/v2\/media?parent=2006"}],"curies":[{"name":"wp","href":"https:\/\/api.w.org\/{rel}","templated":true}]}}